{"id":873,"date":"2022-07-11T12:10:00","date_gmt":"2022-07-11T03:10:00","guid":{"rendered":"http:\/\/cablesensor-shd.com\/?page_id=12"},"modified":"2024-11-29T04:29:21","modified_gmt":"2024-11-29T04:29:21","slug":"contact","status":"publish","type":"page","link":"https:\/\/www.sanyo-denko.co.jp\/san-thermo\/contact\/","title":{"rendered":"\u304a\u554f\u3044\u5408\u308f\u305b"},"content":{"rendered":"<section>\n<div class=\"title_type03\">\n<h2>\u304a\u554f\u3044\u5408\u308f\u305b<\/h2>\n<\/div>\n<div class=\"title_type01\"><img decoding=\"async\" src=\"https:\/\/www.sanyo-denko.co.jp\/san-thermo\/wp-content\/themes\/bengal\/images\/common\/logo_mark.svg\" alt=\"\" \/><\/p>\n<h2>\u30e1\u30fc\u30eb\u30d5\u30a9\u30fc\u30e0<\/h2>\n<\/div>\n<div class=\"general\">\n<div class=\"wpcf7 no-js\" id=\"wpcf7-f40-o1\" lang=\"ja\" dir=\"ltr\" data-wpcf7-id=\"40\">\n<div class=\"screen-reader-response\"><p role=\"status\" aria-live=\"polite\" aria-atomic=\"true\"><\/p> <ul><\/ul><\/div>\n<form action=\"\/san-thermo\/wp-json\/wp\/v2\/pages\/873#wpcf7-f40-o1\" method=\"post\" class=\"wpcf7-form init\" aria-label=\"\u30b3\u30f3\u30bf\u30af\u30c8\u30d5\u30a9\u30fc\u30e0\" enctype=\"multipart\/form-data\" novalidate=\"novalidate\" data-status=\"init\">\n<div style=\"display: none;\">\n<input type=\"hidden\" name=\"_wpcf7\" value=\"40\" \/>\n<input type=\"hidden\" name=\"_wpcf7_version\" value=\"6.0.1\" \/>\n<input type=\"hidden\" name=\"_wpcf7_locale\" value=\"ja\" \/>\n<input type=\"hidden\" name=\"_wpcf7_unit_tag\" value=\"wpcf7-f40-o1\" \/>\n<input type=\"hidden\" name=\"_wpcf7_container_post\" value=\"0\" \/>\n<input type=\"hidden\" name=\"_wpcf7_posted_data_hash\" value=\"\" \/>\n<input type=\"hidden\" name=\"_wpcf7_recaptcha_response\" value=\"\" \/>\n<\/div>\n<table class=\"table_type01\">\n\t<tbody>\n\t\t<tr>\n\t\t\t<th>\n\t\t\t\t<p>\u304a\u540d\u524d<span class=\"hisu\">*<\/span>\n\t\t\t\t<\/p>\n\t\t\t<\/th>\n\t\t\t<td>\n\t\t\t\t<p><span class=\"wpcf7-form-control-wrap\" data-name=\"your-name01\"><input size=\"40\" maxlength=\"400\" class=\"wpcf7-form-control wpcf7-text wpcf7-validates-as-required\" aria-required=\"true\" aria-invalid=\"false\" placeholder=\"\u4f8b\uff1a\u5c71\u7530\u3000\u592a\u90ce\" value=\"\" type=\"text\" name=\"your-name01\" \/><\/span>\n\t\t\t\t<\/p>\n\t\t\t<\/td>\n\t\t<\/tr>\n\t\t<tr>\n\t\t\t<th>\n\t\t\t\t<p>\u4f1a\u793e\u540d<span class=\"hisu\">*<\/span>\n\t\t\t\t<\/p>\n\t\t\t<\/th>\n\t\t\t<td>\n\t\t\t\t<p><span class=\"wpcf7-form-control-wrap\" data-name=\"your-company\"><input size=\"40\" maxlength=\"400\" class=\"wpcf7-form-control wpcf7-text wpcf7-validates-as-required\" aria-required=\"true\" aria-invalid=\"false\" placeholder=\"\u4f8b\uff1a\u4e09\u967d\u96fb\u5de5\u682a\u5f0f\u4f1a\u793e\" value=\"\" type=\"text\" name=\"your-company\" \/><\/span>\n\t\t\t\t<\/p>\n\t\t\t<\/td>\n\t\t<\/tr>\n\t\t<tr>\n\t\t\t<th>\n\t\t\t\t<p>\u90e8\u7f72\u540d<span class=\"hisu\">*<\/span>\n\t\t\t\t<\/p>\n\t\t\t<\/th>\n\t\t\t<td>\n\t\t\t\t<p><span class=\"wpcf7-form-control-wrap\" data-name=\"your-department\"><input size=\"40\" maxlength=\"400\" class=\"wpcf7-form-control wpcf7-text wpcf7-validates-as-required\" aria-required=\"true\" aria-invalid=\"false\" placeholder=\"\u4f8b\uff1a\u55b6\u696d\u90e8\" value=\"\" type=\"text\" name=\"your-department\" \/><\/span>\n\t\t\t\t<\/p>\n\t\t\t<\/td>\n\t\t<\/tr>\n\t\t<tr>\n\t\t\t<th>\n\t\t\t\t<p>\u30e1\u30fc\u30eb\u30a2\u30c9\u30ec\u30b9<span class=\"hisu\">*<\/span>\n\t\t\t\t<\/p>\n\t\t\t<\/th>\n\t\t\t<td>\n\t\t\t\t<p><span class=\"wpcf7-form-control-wrap\" data-name=\"your-email\"><input size=\"40\" maxlength=\"400\" class=\"wpcf7-form-control wpcf7-email wpcf7-validates-as-required wpcf7-text wpcf7-validates-as-email\" aria-required=\"true\" aria-invalid=\"false\" placeholder=\"\u4f8b\uff1a\u00d7\u00d7\u00d7\u00d7@\u00d7\u00d7\u00d7.com\" value=\"\" type=\"email\" name=\"your-email\" \/><\/span>\n\t\t\t\t<\/p>\n\t\t\t<\/td>\n\t\t<\/tr>\n\t\t<tr>\n\t\t\t<th>\n\t\t\t\t<p>\u90f5\u4fbf\u756a\u53f7<span class=\"hisu\">*<\/span>\n\t\t\t\t<\/p>\n\t\t\t<\/th>\n\t\t\t<td class=\"zip\">\n\t\t\t\t<p><span class=\"wpcf7-form-control-wrap\" data-name=\"your-postad\"><input size=\"40\" maxlength=\"400\" class=\"wpcf7-form-control wpcf7-text wpcf7-validates-as-required\" id=\"zip\" aria-required=\"true\" aria-invalid=\"false\" placeholder=\"\u4f8b\uff1a335-0013\" value=\"\" type=\"text\" name=\"your-postad\" \/><\/span>\n\t\t\t\t<\/p>\n\t\t\t<\/td>\n\t\t<\/tr>\n\t\t<tr>\n\t\t\t<th>\n\t\t\t\t<p>\u3054\u4f4f\u6240\n\t\t\t\t<\/p>\n\t\t\t<\/th>\n\t\t\t<td class=\"line02\">\n\t\t\t\t<p>\u90fd\u9053\u5e9c\u770c: <span class=\"wpcf7-form-control-wrap\" data-name=\"your-pref\"><select class=\"wpcf7-form-control wpcf7-select wpcf7-validates-as-required\" aria-required=\"true\" aria-invalid=\"false\" name=\"your-pref\"><option value=\"\">&#8212;\u4ee5\u4e0b\u304b\u3089\u9078\u629e\u3057\u3066\u304f\u3060\u3055\u3044&#8212;<\/option><option value=\"\u5317\u6d77\u9053\">\u5317\u6d77\u9053<\/option><option value=\"\u9752\u68ee\u770c\">\u9752\u68ee\u770c<\/option><option value=\"\u5ca9\u624b\u770c\">\u5ca9\u624b\u770c<\/option><option value=\"\u5bae\u57ce\u770c\">\u5bae\u57ce\u770c<\/option><option value=\"\u79cb\u7530\u770c\">\u79cb\u7530\u770c<\/option><option value=\"\u5c71\u5f62\u770c\">\u5c71\u5f62\u770c<\/option><option value=\"\u798f\u5cf6\u770c\">\u798f\u5cf6\u770c<\/option><option value=\"\u8328\u57ce\u770c\">\u8328\u57ce\u770c<\/option><option value=\"\u6803\u6728\u770c\">\u6803\u6728\u770c<\/option><option value=\"\u7fa4\u99ac\u770c\">\u7fa4\u99ac\u770c<\/option><option value=\"\u57fc\u7389\u770c\">\u57fc\u7389\u770c<\/option><option value=\"\u5343\u8449\u770c\">\u5343\u8449\u770c<\/option><option value=\"\u6771\u4eac\u90fd\">\u6771\u4eac\u90fd<\/option><option value=\"\u795e\u5948\u5ddd\u770c\">\u795e\u5948\u5ddd\u770c<\/option><option value=\"\u65b0\u6f5f\u770c\">\u65b0\u6f5f\u770c<\/option><option value=\"\u5bcc\u5c71\u770c\">\u5bcc\u5c71\u770c<\/option><option value=\"\u77f3\u5ddd\u770c\">\u77f3\u5ddd\u770c<\/option><option value=\"\u798f\u4e95\u770c\">\u798f\u4e95\u770c<\/option><option value=\"\u5c71\u68a8\u770c\">\u5c71\u68a8\u770c<\/option><option value=\"\u9577\u91ce\u770c\">\u9577\u91ce\u770c<\/option><option value=\"\u9759\u5ca1\u770c\">\u9759\u5ca1\u770c<\/option><option value=\"\u611b\u77e5\u770c\">\u611b\u77e5\u770c<\/option><option value=\"\u5c90\u961c\u770c\">\u5c90\u961c\u770c<\/option><option value=\"\u4e09\u91cd\u770c\">\u4e09\u91cd\u770c<\/option><option value=\"\u6ecb\u8cc0\u770c\">\u6ecb\u8cc0\u770c<\/option><option value=\"\u4eac\u90fd\u5e9c\">\u4eac\u90fd\u5e9c<\/option><option value=\"\u5927\u962a\u5e9c\">\u5927\u962a\u5e9c<\/option><option value=\"\u5175\u5eab\u770c\">\u5175\u5eab\u770c<\/option><option value=\"\u5948\u826f\u770c\">\u5948\u826f\u770c<\/option><option value=\"\u548c\u6b4c\u5c71\u770c\">\u548c\u6b4c\u5c71\u770c<\/option><option value=\"\u9ce5\u53d6\u770c\">\u9ce5\u53d6\u770c<\/option><option value=\"\u5cf6\u6839\u770c\">\u5cf6\u6839\u770c<\/option><option value=\"\u5ca1\u5c71\u770c\">\u5ca1\u5c71\u770c<\/option><option value=\"\u5e83\u5cf6\u770c\">\u5e83\u5cf6\u770c<\/option><option value=\"\u5c71\u53e3\u770c\">\u5c71\u53e3\u770c<\/option><option value=\"\u5fb3\u5cf6\u770c\">\u5fb3\u5cf6\u770c<\/option><option value=\"\u9999\u5ddd\u770c\">\u9999\u5ddd\u770c<\/option><option value=\"\u611b\u5a9b\u770c\">\u611b\u5a9b\u770c<\/option><option value=\"\u9ad8\u77e5\u770c\">\u9ad8\u77e5\u770c<\/option><option value=\"\u798f\u5ca1\u770c\">\u798f\u5ca1\u770c<\/option><option value=\"\u4f50\u8cc0\u770c\">\u4f50\u8cc0\u770c<\/option><option value=\"\u9577\u5d0e\u770c\">\u9577\u5d0e\u770c<\/option><option value=\"\u718a\u672c\u770c\">\u718a\u672c\u770c<\/option><option value=\"\u5927\u5206\u770c\">\u5927\u5206\u770c<\/option><option value=\"\u5bae\u5d0e\u770c\">\u5bae\u5d0e\u770c<\/option><option value=\"\u9e7f\u5150\u5cf6\u770c\">\u9e7f\u5150\u5cf6\u770c<\/option><option value=\"\u6c96\u7e04\u770c\">\u6c96\u7e04\u770c<\/option><\/select><\/span><br \/>\n\u5e02\u533a\u753a\u6751: <span class=\"wpcf7-form-control-wrap\" data-name=\"your-address1\"><input size=\"40\" maxlength=\"400\" class=\"wpcf7-form-control wpcf7-text wpcf7-validates-as-required\" aria-required=\"true\" aria-invalid=\"false\" value=\"\" type=\"text\" name=\"your-address1\" \/><\/span><br \/>\n\u756a\u5730\u3001\u30de\u30f3\u30b7\u30e7\u30f3\u540d\u306a\u3069: <span class=\"wpcf7-form-control-wrap\" data-name=\"your-address2\"><input size=\"40\" maxlength=\"400\" class=\"wpcf7-form-control wpcf7-text wpcf7-validates-as-required\" aria-required=\"true\" aria-invalid=\"false\" value=\"\" type=\"text\" name=\"your-address2\" \/><\/span>\n\t\t\t\t<\/p>\n\t\t\t<\/td>\n\t\t<\/tr>\n\t\t<tr>\n\t\t\t<th>\n\t\t\t\t<p>\u96fb\u8a71\u756a\u53f7<span class=\"hisu\">*<\/span>\n\t\t\t\t<\/p>\n\t\t\t<\/th>\n\t\t\t<td>\n\t\t\t\t<p><span class=\"wpcf7-form-control-wrap\" data-name=\"your-tel\"><input size=\"40\" maxlength=\"400\" class=\"wpcf7-form-control wpcf7-text wpcf7-validates-as-required\" aria-required=\"true\" aria-invalid=\"false\" placeholder=\"\u4f8b\uff1a048-441-0331\" value=\"\" type=\"text\" name=\"your-tel\" \/><\/span>\n\t\t\t\t<\/p>\n\t\t\t<\/td>\n\t\t<\/tr>\n\t\t<tr>\n\t\t\t<th>\n\t\t\t\t<p>\u304a\u554f\u3044\u5408\u308f\u305b\u9805\u76ee<span class=\"hisu\">*<\/span>\n\t\t\t\t<\/p>\n\t\t\t<\/th>\n\t\t\t<td>\n\t\t\t\t<p><span class=\"wpcf7-form-control-wrap\" data-name=\"your-menu\"><select class=\"wpcf7-form-control wpcf7-select wpcf7-validates-as-required\" aria-required=\"true\" aria-invalid=\"false\" name=\"your-menu\"><option value=\"\">&#8212;\u4ee5\u4e0b\u304b\u3089\u9078\u629e\u3057\u3066\u304f\u3060\u3055\u3044&#8212;<\/option><option value=\"\u898b\u7a4d\u4f9d\u983c\">\u898b\u7a4d\u4f9d\u983c<\/option><option value=\"\u30ab\u30bf\u30ed\u30b0\u8acb\u6c42\">\u30ab\u30bf\u30ed\u30b0\u8acb\u6c42<\/option><option value=\"\u88fd\u54c1\u4ed5\u69d8\u306b\u3064\u3044\u3066\">\u88fd\u54c1\u4ed5\u69d8\u306b\u3064\u3044\u3066<\/option><option value=\"\u5171\u540c\u958b\u767a\">\u5171\u540c\u958b\u767a<\/option><option value=\"\u30ec\u30f3\u30bf\u30eb\u30b5\u30fc\u30d3\u30b9\">\u30ec\u30f3\u30bf\u30eb\u30b5\u30fc\u30d3\u30b9<\/option><option value=\"\u305d\u306e\u4ed6\">\u305d\u306e\u4ed6<\/option><\/select><\/span>\n\t\t\t\t<\/p>\n\t\t\t<\/td>\n\t\t<\/tr>\n\t\t<tr>\n\t\t\t<th>\n\t\t\t\t<p>\u60f3\u5b9a\u4f7f\u7528\u7528\u9014\n\t\t\t\t<\/p>\n\t\t\t<\/th>\n\t\t\t<td>\n\t\t\t\t<p><span class=\"wpcf7-form-control-wrap\" data-name=\"your-field\"><textarea cols=\"40\" rows=\"10\" maxlength=\"2000\" class=\"wpcf7-form-control wpcf7-textarea\" aria-invalid=\"false\" name=\"your-field\"><\/textarea><\/span>\n\t\t\t\t<\/p>\n\t\t\t<\/td>\n\t\t<\/tr>\n\t\t<tr>\n\t\t\t<th>\n\t\t\t\t<p>\u5e0c\u671b\u8ddd\u96e2\uff08\uff5e300m\uff09\n\t\t\t\t<\/p>\n\t\t\t<\/th>\n\t\t\t<td>\n\t\t\t\t<p><span class=\"wpcf7-form-control-wrap\" data-name=\"your-distance\"><input size=\"40\" maxlength=\"400\" class=\"wpcf7-form-control wpcf7-text\" aria-invalid=\"false\" value=\"\" type=\"text\" name=\"your-distance\" \/><\/span>\n\t\t\t\t<\/p>\n\t\t\t<\/td>\n\t\t<\/tr>\n\t\t<tr>\n\t\t\t<th>\n\t\t\t\t<p>\u5e0c\u671b\u30dd\u30a4\u30f3\u30c8\u6570\uff08\uff5e40P\uff09\n\t\t\t\t<\/p>\n\t\t\t<\/th>\n\t\t\t<td>\n\t\t\t\t<p><span class=\"wpcf7-form-control-wrap\" data-name=\"your-point\"><input size=\"40\" maxlength=\"400\" class=\"wpcf7-form-control wpcf7-text\" aria-invalid=\"false\" value=\"\" type=\"text\" name=\"your-point\" \/><\/span>\n\t\t\t\t<\/p>\n\t\t\t<\/td>\n\t\t<\/tr>\n\t\t<tr>\n\t\t\t<th>\n\t\t\t\t<p>\u5e0c\u671b\u30bf\u30a4\u30d7\n\t\t\t\t<\/p>\n\t\t\t<\/th>\n\t\t\t<td>\n\t\t\t\t<p><span class=\"wpcf7-form-control-wrap\" data-name=\"your-type\"><select class=\"wpcf7-form-control wpcf7-select\" aria-invalid=\"false\" name=\"your-type\"><option value=\"\">&#8212;\u4ee5\u4e0b\u304b\u3089\u9078\u629e\u3057\u3066\u304f\u3060\u3055\u3044&#8212;<\/option><option value=\"USB\u63a5\u7d9a\u7d66\u96fb\u30bf\u30a4\u30d7\">USB\u63a5\u7d9a\u7d66\u96fb\u30bf\u30a4\u30d7<\/option><option value=\"PC\u8868\u793a\u578b\">PC\u8868\u793a\u578b<\/option><option value=\"\u4e7e\u96fb\u6c60\u5185\u8535\u7d66\u96fb\u30bf\u30a4\u30d7\">\u4e7e\u96fb\u6c60\u5185\u8535\u7d66\u96fb\u30bf\u30a4\u30d7<\/option><option value=\"SD\u30ab\u30fc\u30c9\u5185\u8535\u578b\">SD\u30ab\u30fc\u30c9\u5185\u8535\u578b<\/option><option value=\"\u305d\u306e\u4ed6\">\u305d\u306e\u4ed6<\/option><\/select><\/span>\n\t\t\t\t<\/p>\n\t\t\t<\/td>\n\t\t<\/tr>\n\t\t<tr>\n\t\t\t<th>\n\t\t\t\t<p>\uff08\u30ab\u30b9\u30bf\u30e0\uff09\u76ae\u819c\n\t\t\t\t<\/p>\n\t\t\t<\/th>\n\t\t\t<td>\n\t\t\t\t<p><span class=\"wpcf7-form-control-wrap\" data-name=\"radio-01\"><span class=\"wpcf7-form-control wpcf7-radio\"><span class=\"wpcf7-list-item first\"><label><input type=\"radio\" name=\"radio-01\" value=\"\u8010\u6cb9\u6027\" checked=\"checked\" \/><span class=\"wpcf7-list-item-label\">\u8010\u6cb9\u6027<\/span><\/label><\/span><span class=\"wpcf7-list-item\"><label><input type=\"radio\" name=\"radio-01\" value=\"\u8010\u85ac\u54c1\u6027\" \/><span class=\"wpcf7-list-item-label\">\u8010\u85ac\u54c1\u6027<\/span><\/label><\/span><span class=\"wpcf7-list-item last\"><label><input type=\"radio\" name=\"radio-01\" value=\"\u305d\u306e\u4ed6\" \/><span class=\"wpcf7-list-item-label\">\u305d\u306e\u4ed6<\/span><\/label><\/span><\/span><\/span>\n\t\t\t\t<\/p>\n\t\t\t<\/td>\n\t\t<\/tr>\n\t\t<tr>\n\t\t\t<th>\n\t\t\t\t<p>\uff08\u30ab\u30b9\u30bf\u30e0\uff09\u60f3\u5b9a\u6db2\u4f53\n\t\t\t\t<\/p>\n\t\t\t<\/th>\n\t\t\t<td>\n\t\t\t\t<p><label><b>\u85ac\u6db2\u540d\uff08<\/b><span class=\"wpcf7-form-control-wrap\" data-name=\"your-drug\"><input size=\"40\" maxlength=\"400\" class=\"wpcf7-form-control wpcf7-text\" aria-invalid=\"false\" value=\"\" type=\"text\" name=\"your-drug\" \/><\/span><b>)<\/b><\/label>\n\t\t\t\t<\/p>\n\t\t\t<\/td>\n\t\t<\/tr>\n\t\t<tr>\n\t\t\t<th>\n\t\t\t\t<p>\uff08\u30ab\u30b9\u30bf\u30e0\uff09\u4f7f\u7528\u74b0\u5883\u6e29\u5ea6\n\t\t\t\t<\/p>\n\t\t\t<\/th>\n\t\t\t<td>\n\t\t\t\t<p><label><b>\u6e29\u3000\u5ea6\uff08<\/b><span class=\"wpcf7-form-control-wrap\" data-name=\"your-temperature\"><input size=\"40\" maxlength=\"400\" class=\"wpcf7-form-control wpcf7-text\" aria-invalid=\"false\" value=\"\" type=\"text\" name=\"your-temperature\" \/><\/span><b>\uff09\u2103<\/b><\/label>\n\t\t\t\t<\/p>\n\t\t\t<\/td>\n\t\t<\/tr>\n\t\t<tr>\n\t\t\t<th>\n\t\t\t\t<p>\uff08\u30ab\u30b9\u30bf\u30e0\uff09\u30b3\u30cd\u30af\u30bf\n\t\t\t\t<\/p>\n\t\t\t<\/th>\n\t\t\t<td>\n\t\t\t\t<p>\u30b1\u30fc\u30d6\u30eb\u3001\u672c\u4f53\u5206\u96e2\u30b3\u30cd\u30af\u30bf\u578b\u5e0c\u671b\u3000<span class=\"wpcf7-form-control-wrap\" data-name=\"radio-02\"><span class=\"wpcf7-form-control wpcf7-radio\"><span class=\"wpcf7-list-item first\"><label><input type=\"radio\" name=\"radio-02\" value=\"\u6709\" \/><span class=\"wpcf7-list-item-label\">\u6709<\/span><\/label><\/span><span class=\"wpcf7-list-item last\"><label><input type=\"radio\" name=\"radio-02\" value=\"\u7121\" checked=\"checked\" \/><span class=\"wpcf7-list-item-label\">\u7121<\/span><\/label><\/span><\/span><\/span>\n\t\t\t\t<\/p>\n\t\t\t<\/td>\n\t\t<\/tr>\n\t\t<tr>\n\t\t\t<th>\n\t\t\t\t<p>\uff08\u30ab\u30b9\u30bf\u30e0\uff09\u901a\u4fe1\u65b9\u5f0f\n\t\t\t\t<\/p>\n\t\t\t<\/th>\n\t\t\t<td>\n\t\t\t\t<p><label><b>\u5e0c\u671b\u63a5\u7d9a\u6a5f\u5668\u540d\uff08<\/b><span class=\"wpcf7-form-control-wrap\" data-name=\"your-temperature\"><input size=\"40\" maxlength=\"400\" class=\"wpcf7-form-control wpcf7-text\" aria-invalid=\"false\" placeholder=\"\u4f8b\uff1aRS232C\u3001RS485\u3001CANbus\u3001PLC\u3001BLE\u3000\u7b49\" value=\"\" type=\"text\" name=\"your-temperature\" \/><\/span><b>\uff09<\/b><\/label>\n\t\t\t\t<\/p>\n\t\t\t<\/td>\n\t\t<\/tr>\n\t\t<tr>\n\t\t\t<th>\n\t\t\t\t<p>\u304a\u554f\u3044\u5408\u308f\u305b\u5185\u5bb9\n\t\t\t\t<\/p>\n\t\t\t<\/th>\n\t\t\t<td>\n\t\t\t\t<p><span class=\"wpcf7-form-control-wrap\" data-name=\"your-content\"><textarea cols=\"40\" rows=\"10\" maxlength=\"2000\" class=\"wpcf7-form-control wpcf7-textarea\" aria-invalid=\"false\" name=\"your-content\"><\/textarea><\/span>\n\t\t\t\t<\/p>\n\t\t\t<\/td>\n\t\t<\/tr>\n\t\t<tr>\n\t\t\t<th>\n\t\t\t\t<p>\u6dfb\u4ed8\u30d5\u30a1\u30a4\u30eb\n\t\t\t\t<\/p>\n\t\t\t<\/th>\n\t\t\t<td>\n\t\t\t\t<p>\u6dfb\u4ed8\u3059\u308b\u30d5\u30a1\u30a4\u30eb\u3092\u9078\u3076(\u9078\u3073\u306a\u304a\u3059)\n\t\t\t\t<\/p>\n\t\t\t\t<p><span class=\"wpcf7-form-control-wrap\" data-name=\"your-file\"><input size=\"40\" class=\"wpcf7-form-control wpcf7-file\" accept=\".gif,.jpg,.jpeg,.png,.bmp,.zip,.lzh\" aria-invalid=\"false\" type=\"file\" name=\"your-file\" \/><\/span>\n\t\t\t\t<\/p>\n\t\t\t\t<p class=\"mb0\">\u6dfb\u4ed8\u53ef\u80fd\u5f62\u5f0f\uff08\u62e1\u5f35\u5b50\uff09: gif, jpg, jpeg, png, bmp, zip, lzh<br \/>\n(Office\u7cfb\u3001\u6587\u66f8\u30d5\u30a1\u30a4\u30eb\u306a\u3069\u306fzip\u307e\u305f\u306flzh\u5f62\u5f0f\u306b\u5727\u7e2e\u3057\u3066\u3054\u5229\u7528\u4e0b\u3055\u3044\u3002)<br \/>\n\u5bb9\u91cf\u306e\u4e0a\u9650\u30925MB\u3068\u3055\u305b\u3066\u3044\u305f\u3060\u3044\u3066\u304a\u308a\u307e\u3059\u3002\n\t\t\t\t<\/p>\n\t\t\t<\/td>\n\t\t<\/tr>\n\t\t<tr>\n\t\t\t<th>\n\t\t\t\t<p>\u9001\u4fe1\u78ba\u8a8d<span class=\"hisu\">*<\/span>\n\t\t\t\t<\/p>\n\t\t\t<\/th>\n\t\t\t<td>\n\t\t\t\t<p><span class=\"wpcf7-form-control-wrap\" data-name=\"acceptance-888\"><span class=\"wpcf7-form-control wpcf7-acceptance\"><span class=\"wpcf7-list-item\"><label><input type=\"checkbox\" name=\"acceptance-888\" value=\"1\" aria-invalid=\"false\" \/><span class=\"wpcf7-list-item-label\">\u3000\u4e0a\u8a18\u5185\u5bb9\u3092\u78ba\u8a8d\u3057\u305f\u3089\u30c1\u30a7\u30c3\u30af\u3092\u5165\u308c\u3066\u304f\u3060\u3055\u3044<\/span><\/label><\/span><\/span><\/span>\n\t\t\t\t<\/p>\n\t\t\t<\/td>\n\t\t<\/tr>\n\t<\/tbody>\n<\/table>\n<div class=\"attn_02 mb40\">\n\t<p class=\"mb20\"><strong>\u4e09\u967d\u96fb\u5de5\u306f\u3001\u304a\u5ba2\u69d8\u304b\u3089\u63d0\u4f9b\u3055\u308c\u305f\u79d8\u5bc6\u60c5\u5831\u306b\u3064\u3044\u3066\u3001\u4e0b\u8a18\u306e\u901a\u308a\u53b3\u91cd\u306b\u53d6\u308a\u6271\u3044\u81f4\u3057\u307e\u3059\u3002<\/strong>\n\t<\/p>\n\t<ul>\n\t\t<li>\n\t\t\t<p>\u63d0\u4f9b\u3055\u308c\u305f\u60c5\u5831\u3092\u304a\u5ba2\u69d8\u306e\u4e8b\u524d\u4e86\u89e3\u3092\u9802\u304f\u3053\u3068\u306a\u304f\u3001\u7b2c\u4e09\u8005\u3078\u958b\u793a\u30fb\u6f0f\u6d29\u3001\u76ee\u7684\u5916\u4f7f\u7528\u81f4\u3057\u307e\u305b\u3093\u3002\n\t\t\t<\/p>\n\t\t<\/li>\n\t\t<li>\n\t\t\t<p>\u63d0\u4f9b\u3055\u308c\u305f\u60c5\u5831\u3092\u696d\u52d9\u4e0a\u77e5\u308b\u5fc5\u8981\u306e\u3042\u308b\u5f93\u696d\u54e1\u306b\u9650\u5b9a\u3057\u958b\u793a\u3059\u308b\u3053\u3068\u3068\u3057\u3001\u305d\u306e\u62e1\u6563\u3092\u9632\u3050\u3068\u3068\u3082\u306b\u79d8\u5bc6\u4fdd\u6301\u7fa9\u52d9\u306e\u91cd\u8981\u6027\u3092\u8a8d\u8b58\u3055\u305b\u307e\u3059\u3002\n\t\t\t<\/p>\n\t\t<\/li>\n\t\t<li>\n\t\t\t<p>\u5fc5\u8981\u306b\u5fdc\u3058\u3066\u79d8\u5bc6\u4fdd\u6301\u5951\u7d04(NDA)\u3092\u7d50\u3073\u307e\u3059\u3002\n\t\t\t<\/p>\n\t\t<\/li>\n\t\t<ul>\n\t\t<\/ul>\n\t<\/ul>\n<\/div>\n<div class=\"contact_button\">\n\t<p><input class=\"wpcf7-form-control wpcf7-submit has-spinner\" type=\"submit\" value=\"\u9001\u4fe1\u3059\u308b\" \/>\n\t<\/p>\n<\/div><div class=\"wpcf7-response-output\" aria-hidden=\"true\"><\/div>\n<\/form>\n<\/div>\n<\/div>\n<\/section>\n","protected":false},"excerpt":{"rendered":"<p>\u304a\u554f\u3044\u5408\u308f\u305b \u30e1\u30fc\u30eb\u30d5\u30a9\u30fc\u30e0<\/p>\n","protected":false},"author":1,"featured_media":0,"parent":0,"menu_order":3,"comment_status":"closed","ping_status":"closed","template":"","meta":{"_acf_changed":false,"footnotes":""},"class_list":["post-873","page","type-page","status-publish","hentry"],"acf":[],"_links":{"self":[{"href":"https:\/\/www.sanyo-denko.co.jp\/san-thermo\/wp-json\/wp\/v2\/pages\/873","targetHints":{"allow":["GET"]}}],"collection":[{"href":"https:\/\/www.sanyo-denko.co.jp\/san-thermo\/wp-json\/wp\/v2\/pages"}],"about":[{"href":"https:\/\/www.sanyo-denko.co.jp\/san-thermo\/wp-json\/wp\/v2\/types\/page"}],"author":[{"embeddable":true,"href":"https:\/\/www.sanyo-denko.co.jp\/san-thermo\/wp-json\/wp\/v2\/users\/1"}],"replies":[{"embeddable":true,"href":"https:\/\/www.sanyo-denko.co.jp\/san-thermo\/wp-json\/wp\/v2\/comments?post=873"}],"version-history":[{"count":1,"href":"https:\/\/www.sanyo-denko.co.jp\/san-thermo\/wp-json\/wp\/v2\/pages\/873\/revisions"}],"predecessor-version":[{"id":887,"href":"https:\/\/www.sanyo-denko.co.jp\/san-thermo\/wp-json\/wp\/v2\/pages\/873\/revisions\/887"}],"wp:attachment":[{"href":"https:\/\/www.sanyo-denko.co.jp\/san-thermo\/wp-json\/wp\/v2\/media?parent=873"}],"curies":[{"name":"wp","href":"https:\/\/api.w.org\/{rel}","templated":true}]}}